{"id":2,"date":"2017-04-18T12:53:57","date_gmt":"2017-04-18T10:53:57","guid":{"rendered":"http:\/\/guillermograetzer.com\/?page_id=2"},"modified":"2017-04-18T14:17:05","modified_gmt":"2017-04-18T12:17:05","slug":"page-d-exemple","status":"publish","type":"page","link":"http:\/\/guillermograetzer.com\/?page_id=2","title":{"rendered":"Catalogue"},"content":{"rendered":"<p class=\"qtranxs-available-languages-message qtranxs-available-languages-message-fr\">D\u00e9sol\u00e9, cet article est seulement disponible en <a href=\"http:\/\/guillermograetzer.com\/index.php?rest_route=%2Fwp%2Fv2%2Fpages%2F2&lang=en\" class=\"qtranxs-available-language-link qtranxs-available-language-link-en\" title=\"English\">Anglais Am\u00e9ricain<\/a>, <a href=\"http:\/\/guillermograetzer.com\/index.php?rest_route=%2Fwp%2Fv2%2Fpages%2F2&lang=de\" class=\"qtranxs-available-language-link qtranxs-available-language-link-de\" title=\"Deutsch\">Allemand<\/a> et <a href=\"http:\/\/guillermograetzer.com\/index.php?rest_route=%2Fwp%2Fv2%2Fpages%2F2&lang=es\" class=\"qtranxs-available-language-link qtranxs-available-language-link-es\" title=\"Espa\u00f1ol\">Espagnol Europ\u00e9en<\/a>.<\/p>","protected":false},"excerpt":{"rendered":"<p>D\u00e9sol\u00e9, cet article est seulement disponible en Anglais Am\u00e9ricain, Allemand et Espagnol Europ\u00e9en.<\/p>\n","protected":false},"author":1,"featured_media":0,"parent":0,"menu_order":0,"comment_status":"closed","ping_status":"open","template":"","meta":[],"_links":{"self":[{"href":"http:\/\/guillermograetzer.com\/index.php?rest_route=\/wp\/v2\/pages\/2"}],"collection":[{"href":"http:\/\/guillermograetzer.com\/index.php?rest_route=\/wp\/v2\/pages"}],"about":[{"href":"http:\/\/guillermograetzer.com\/index.php?rest_route=\/wp\/v2\/types\/page"}],"author":[{"embeddable":true,"href":"http:\/\/guillermograetzer.com\/index.php?rest_route=\/wp\/v2\/users\/1"}],"replies":[{"embeddable":true,"href":"http:\/\/guillermograetzer.com\/index.php?rest_route=%2Fwp%2Fv2%2Fcomments&post=2"}],"version-history":[{"count":3,"href":"http:\/\/guillermograetzer.com\/index.php?rest_route=\/wp\/v2\/pages\/2\/revisions"}],"predecessor-version":[{"id":73,"href":"http:\/\/guillermograetzer.com\/index.php?rest_route=\/wp\/v2\/pages\/2\/revisions\/73"}],"wp:attachment":[{"href":"http:\/\/guillermograetzer.com\/index.php?rest_route=%2Fwp%2Fv2%2Fmedia&parent=2"}],"curies":[{"name":"wp","href":"https:\/\/api.w.org\/{rel}","templated":true}]}}